{"id":234,"date":"2023-03-17T15:43:51","date_gmt":"2023-03-17T15:43:51","guid":{"rendered":"https:\/\/massdigital.ca\/new\/?page_id=234"},"modified":"2025-05-27T18:18:50","modified_gmt":"2025-05-27T18:18:50","slug":"contact","status":"publish","type":"page","link":"https:\/\/massdigital.ca\/en\/contact\/","title":{"rendered":"Contact"},"content":{"rendered":"\t\t<div data-elementor-type=\"wp-page\" data-elementor-id=\"234\" class=\"elementor elementor-234\" data-elementor-post-type=\"page\">\n\t\t\t\t<div class=\"elementor-element elementor-element-6043962f e-flex e-con-boxed e-con e-parent\" data-id=\"6043962f\" data-element_type=\"container\" data-e-type=\"container\">\n\t\t\t\t\t<div class=\"e-con-inner\">\n\t\t<div class=\"elementor-element elementor-element-934fd73 e-con-full e-flex e-con e-child\" data-id=\"934fd73\" data-element_type=\"container\" data-e-type=\"container\">\n\t\t\t\t<div class=\"elementor-element elementor-element-8f39b07 elementor-widget elementor-widget-heading\" data-id=\"8f39b07\" data-element_type=\"widget\" data-e-type=\"widget\" data-widget_type=\"heading.default\">\n\t\t\t\t\t<h2 class=\"elementor-heading-title elementor-size-default\">Pour rejoindre notre \u00e9quipe dynamique<\/h2>\t\t\t\t<\/div>\n\t\t\t\t<div class=\"elementor-element elementor-element-35ed2be5 elementor-widget elementor-widget-text-editor\" data-id=\"35ed2be5\" data-element_type=\"widget\" data-e-type=\"widget\" data-widget_type=\"text-editor.default\">\n\t\t\t\t\t\t\t\t\t<p>Vous avez des questions ou des commentaires sur nos services ? N\u2019h\u00e9sitez pas \u00e0 nous \u00e9crire ! Notre \u00e9quipe se fera un plaisir de vous r\u00e9pondre dans les plus brefs d\u00e9lais et de r\u00e9pondre \u00e0 toutes vos demandes.<\/p>\t\t\t\t\t\t\t\t<\/div>\n\t\t\t\t<div class=\"elementor-element elementor-element-7e43c71 elementor-widget elementor-widget-text-editor\" data-id=\"7e43c71\" data-element_type=\"widget\" data-e-type=\"widget\" data-widget_type=\"text-editor.default\">\n\t\t\t\t\t\t\t\t\t<h2>Mass Digital inc.<\/h2><p>4280, rue Garand<br \/>Laval (Qu\u00e9bec) H7L 5Z6<\/p><p><a href=\"tel:5146445863\">514 644-5863<\/a><\/p>\t\t\t\t\t\t\t\t<\/div>\n\t\t\t\t<\/div>\n\t\t<div class=\"elementor-element elementor-element-cc12e5c e-con-full e-flex e-con e-child\" data-id=\"cc12e5c\" data-element_type=\"container\" data-e-type=\"container\">\n\t\t\t\t<div class=\"elementor-element elementor-element-bcb6968 elementor-widget elementor-widget-google_maps\" data-id=\"bcb6968\" data-element_type=\"widget\" data-e-type=\"widget\" data-widget_type=\"google_maps.default\">\n\t\t\t\t\t\t\t<div class=\"elementor-custom-embed\">\n\t\t\t<iframe loading=\"lazy\"\n\t\t\t\t\tsrc=\"https:\/\/maps.google.com\/maps?q=Mass%20Digital%204280%20rue%20Garand%20Laval%20%28Qu%C3%A9bec%29%20H7L%205Z6&#038;t=m&#038;z=11&#038;output=embed&#038;iwloc=near\"\n\t\t\t\t\ttitle=\"Mass Digital 4280 rue Garand Laval (Qu\u00e9bec) H7L 5Z6\"\n\t\t\t\t\taria-label=\"Mass Digital 4280 rue Garand Laval (Qu\u00e9bec) H7L 5Z6\"\n\t\t\t><\/iframe>\n\t\t<\/div>\n\t\t\t\t\t\t<\/div>\n\t\t\t\t<\/div>\n\t\t\t\t\t<\/div>\n\t\t\t\t<\/div>\n\t\t<div class=\"elementor-element elementor-element-e4e4269 e-flex e-con-boxed e-con e-parent\" data-id=\"e4e4269\" data-element_type=\"container\" data-e-type=\"container\">\n\t\t\t\t\t<div class=\"e-con-inner\">\n\t\t\t\t<div class=\"elementor-element elementor-element-6dff8ce elementor-widget elementor-widget-heading\" data-id=\"6dff8ce\" data-element_type=\"widget\" data-e-type=\"widget\" data-widget_type=\"heading.default\">\n\t\t\t\t\t<h3 class=\"elementor-heading-title elementor-size-default\">\u00c9crivez-nous pour une demande de soumission rapide<\/h3>\t\t\t\t<\/div>\n\t\t\t\t<div class=\"elementor-element elementor-element-bdb5c0b elementor-widget elementor-widget-text-editor\" data-id=\"bdb5c0b\" data-element_type=\"widget\" data-e-type=\"widget\" data-widget_type=\"text-editor.default\">\n\t\t\t\t\t\t\t\t\t<p>Remplissez le formulaire ci-dessous pour nous faire part de vos besoins. Nous vous contacterons rapidement avec une solution adapt\u00e9e.<\/p>\t\t\t\t\t\t\t\t<\/div>\n\t\t\t\t<div class=\"elementor-element elementor-element-ed88ae6 elementor-button-align-stretch elementor-widget elementor-widget-form\" data-id=\"ed88ae6\" data-element_type=\"widget\" data-e-type=\"widget\" data-settings=\"{&quot;button_width&quot;:&quot;20&quot;,&quot;step_next_label&quot;:&quot;Suivant&quot;,&quot;step_previous_label&quot;:&quot;Pr\\u00e9c\\u00e9dent&quot;,&quot;step_type&quot;:&quot;progress_bar&quot;}\" data-widget_type=\"form.default\">\n\t\t\t\t\t\t\t<form class=\"elementor-form\" method=\"post\" id=\"soumission\" name=\"Soumission\">\n\t\t\t<input type=\"hidden\" name=\"post_id\" value=\"234\"\/>\n\t\t\t<input type=\"hidden\" name=\"form_id\" value=\"ed88ae6\"\/>\n\t\t\t<input type=\"hidden\" name=\"referer_title\" value=\"\" \/>\n\n\t\t\t\n\t\t\t<div class=\"elementor-form-fields-wrapper elementor-labels-above\">\n\t\t\t\t\t\t\t\t<div class=\"elementor-field-type-text elementor-field-group elementor-column elementor-field-group-name elementor-col-100 elementor-field-required elementor-mark-required\">\n\t\t\t\t\t\t\t\t\t\t\t\t<label for=\"form-field-name\" class=\"elementor-field-label\">\n\t\t\t\t\t\t\t\tNom complet\t\t\t\t\t\t\t<\/label>\n\t\t\t\t\t\t\t\t\t\t\t\t\t\t<input size=\"1\" type=\"text\" name=\"form_fields[name]\" id=\"form-field-name\" class=\"elementor-field elementor-size-sm  elementor-field-textual\" placeholder=\"Nom\" required=\"required\">\n\t\t\t\t\t\t\t\t\t\t\t<\/div>\n\t\t\t\t\t\t\t\t<div class=\"elementor-field-type-email elementor-field-group elementor-column elementor-field-group-email elementor-col-100 elementor-field-required elementor-mark-required\">\n\t\t\t\t\t\t\t\t\t\t\t\t<label for=\"form-field-email\" class=\"elementor-field-label\">\n\t\t\t\t\t\t\t\tCourriel\t\t\t\t\t\t\t<\/label>\n\t\t\t\t\t\t\t\t\t\t\t\t\t\t<input size=\"1\" type=\"email\" name=\"form_fields[email]\" id=\"form-field-email\" class=\"elementor-field elementor-size-sm  elementor-field-textual\" placeholder=\"Courriel\" required=\"required\">\n\t\t\t\t\t\t\t\t\t\t\t<\/div>\n\t\t\t\t\t\t\t\t<div class=\"elementor-field-type-tel elementor-field-group elementor-column elementor-field-group-message elementor-col-100 elementor-field-required elementor-mark-required\">\n\t\t\t\t\t\t\t\t\t\t\t\t<label for=\"form-field-message\" class=\"elementor-field-label\">\n\t\t\t\t\t\t\t\tT\u00e9l\u00e9phone\t\t\t\t\t\t\t<\/label>\n\t\t\t\t\t\t\t\t<input size=\"1\" type=\"tel\" name=\"form_fields[message]\" id=\"form-field-message\" class=\"elementor-field elementor-size-sm  elementor-field-textual\" placeholder=\"T\u00e9l\u00e9phone\" required=\"required\" pattern=\"[0-9()#&amp;+*-=.]+\" title=\"Only numbers and phone characters (#, -, *, etc) are accepted.\">\n\n\t\t\t\t\t\t<\/div>\n\t\t\t\t\t\t\t\t<div class=\"elementor-field-type-select elementor-field-group elementor-column elementor-field-group-field_2e6cae7 elementor-col-100\">\n\t\t\t\t\t\t\t\t\t\t\t\t<label for=\"form-field-field_2e6cae7\" class=\"elementor-field-label\">\n\t\t\t\t\t\t\t\tType d'\u00e9cran souhait\u00e9\t\t\t\t\t\t\t<\/label>\n\t\t\t\t\t\t\t\t<div class=\"elementor-field elementor-select-wrapper remove-before \">\n\t\t\t<div class=\"select-caret-down-wrapper\">\n\t\t\t\t<svg aria-hidden=\"true\" class=\"e-font-icon-svg e-eicon-caret-down\" viewBox=\"0 0 571.4 571.4\" xmlns=\"http:\/\/www.w3.org\/2000\/svg\"><path d=\"M571 393Q571 407 561 418L311 668Q300 679 286 679T261 668L11 418Q0 407 0 393T11 368 36 357H536Q550 357 561 368T571 393Z\"><\/path><\/svg>\t\t\t<\/div>\n\t\t\t<select name=\"form_fields[field_2e6cae7]\" id=\"form-field-field_2e6cae7\" class=\"elementor-field-textual elementor-size-sm\">\n\t\t\t\t\t\t\t\t\t<option value=\"GALLERY\">GALLERY<\/option>\n\t\t\t\t\t\t\t\t\t<option value=\"CITYLINE\">CITYLINE<\/option>\n\t\t\t\t\t\t\t\t\t<option value=\"LEDUP\">LEDUP<\/option>\n\t\t\t\t\t\t\t\t\t<option value=\"LEDPOSTER\">LEDPOSTER<\/option>\n\t\t\t\t\t\t\t\t\t<option value=\"FREEFORM\">FREEFORM<\/option>\n\t\t\t\t\t\t\t\t\t<option value=\"ULTRA\">ULTRA<\/option>\n\t\t\t\t\t\t\t<\/select>\n\t\t<\/div>\n\t\t\t\t\t\t<\/div>\n\t\t\t\t\t\t\t\t<div class=\"elementor-field-type-text elementor-field-group elementor-column elementor-field-group-field_c549fa0 elementor-col-100\">\n\t\t\t\t\t\t\t\t\t\t\t\t<label for=\"form-field-field_c549fa0\" class=\"elementor-field-label\">\n\t\t\t\t\t\t\t\tDimensions (Largeur x Hauteur)\t\t\t\t\t\t\t<\/label>\n\t\t\t\t\t\t\t\t\t\t\t\t\t\t<input size=\"1\" type=\"text\" name=\"form_fields[field_c549fa0]\" id=\"form-field-field_c549fa0\" class=\"elementor-field elementor-size-sm  elementor-field-textual\" placeholder=\"Dimension\">\n\t\t\t\t\t\t\t\t\t\t\t<\/div>\n\t\t\t\t\t\t\t\t<div class=\"elementor-field-type-textarea elementor-field-group elementor-column elementor-field-group-field_a28e929 elementor-col-100\">\n\t\t\t\t\t\t\t\t\t\t\t\t<label for=\"form-field-field_a28e929\" class=\"elementor-field-label\">\n\t\t\t\t\t\t\t\tDemande particuli\u00e8re (Facultatif)\t\t\t\t\t\t\t<\/label>\n\t\t\t\t\t\t<textarea class=\"elementor-field-textual elementor-field  elementor-size-sm\" name=\"form_fields[field_a28e929]\" id=\"form-field-field_a28e929\" rows=\"4\"><\/textarea>\t\t\t\t<\/div>\n\t\t\t\t\t\t\t\t<div class=\"elementor-field-type-recaptcha_v3 elementor-field-group elementor-column elementor-field-group-field_f223775 elementor-col-100 recaptcha_v3-bottomright\">\n\t\t\t\t\t<div class=\"elementor-field\" id=\"form-field-field_f223775\"><div class=\"elementor-g-recaptcha\" data-sitekey=\"6Lc13NEqAAAAAMHi1-Pukijak55kWjg1xuWMLnd3\" data-type=\"v3\" data-action=\"Form\" data-badge=\"bottomright\" data-size=\"invisible\"><\/div><\/div>\t\t\t\t<\/div>\n\t\t\t\t\t\t\t\t<div class=\"elementor-field-group elementor-column elementor-field-type-submit elementor-col-20 e-form__buttons\">\n\t\t\t\t\t<button class=\"elementor-button elementor-size-sm\" type=\"submit\">\n\t\t\t\t\t\t<span class=\"elementor-button-content-wrapper\">\n\t\t\t\t\t\t\t\t\t\t\t\t\t\t\t\t\t\t\t\t\t\t<span class=\"elementor-button-text\">Envoyer<\/span>\n\t\t\t\t\t\t\t\t\t\t\t\t\t<\/span>\n\t\t\t\t\t<\/button>\n\t\t\t\t<\/div>\n\t\t\t<\/div>\n\t\t<\/form>\n\t\t\t\t\t\t<\/div>\n\t\t\t\t<div class=\"elementor-element elementor-element-9463fbb elementor-widget elementor-widget-text-editor\" data-id=\"9463fbb\" data-element_type=\"widget\" data-e-type=\"widget\" data-widget_type=\"text-editor.default\">\n\t\t\t\t\t\t\t\t\t<p>Nous sommes impatients de collaborer avec vous et de donner vie \u00e0 vos projets num\u00e9riques !<\/p>\t\t\t\t\t\t\t\t<\/div>\n\t\t\t\t\t<\/div>\n\t\t\t\t<\/div>\n\t\t\t\t<\/div>\n\t\t","protected":false},"excerpt":{"rendered":"<p>Pour rejoindre notre \u00e9quipe dynamique Vous avez des questions ou des commentaires sur nos services ? N\u2019h\u00e9sitez pas \u00e0 nous \u00e9crire ! Notre \u00e9quipe se fera un plaisir de vous r\u00e9pondre dans les plus brefs d\u00e9lais et de r\u00e9pondre \u00e0 toutes vos demandes. Mass Digital inc. 4280, rue GarandLaval (Qu\u00e9bec) H7L 5Z6 514 644-5863 \u00c9crivez-nous [&hellip;]<\/p>\n","protected":false},"author":1,"featured_media":0,"parent":0,"menu_order":0,"comment_status":"closed","ping_status":"closed","template":"","meta":{"_acf_changed":false,"footnotes":""},"class_list":["post-234","page","type-page","status-publish","hentry"],"acf":[],"_links":{"self":[{"href":"https:\/\/massdigital.ca\/en\/wp-json\/wp\/v2\/pages\/234","targetHints":{"allow":["GET"]}}],"collection":[{"href":"https:\/\/massdigital.ca\/en\/wp-json\/wp\/v2\/pages"}],"about":[{"href":"https:\/\/massdigital.ca\/en\/wp-json\/wp\/v2\/types\/page"}],"author":[{"embeddable":true,"href":"https:\/\/massdigital.ca\/en\/wp-json\/wp\/v2\/users\/1"}],"replies":[{"embeddable":true,"href":"https:\/\/massdigital.ca\/en\/wp-json\/wp\/v2\/comments?post=234"}],"version-history":[{"count":13,"href":"https:\/\/massdigital.ca\/en\/wp-json\/wp\/v2\/pages\/234\/revisions"}],"predecessor-version":[{"id":1642,"href":"https:\/\/massdigital.ca\/en\/wp-json\/wp\/v2\/pages\/234\/revisions\/1642"}],"wp:attachment":[{"href":"https:\/\/massdigital.ca\/en\/wp-json\/wp\/v2\/media?parent=234"}],"curies":[{"name":"wp","href":"https:\/\/api.w.org\/{rel}","templated":true}]}}