{"id":8,"date":"2023-03-16T16:15:20","date_gmt":"2023-03-16T16:15:20","guid":{"rendered":"https:\/\/massdigital.ca\/new\/?page_id=8"},"modified":"2025-06-11T12:33:48","modified_gmt":"2025-06-11T12:33:48","slug":"accueil","status":"publish","type":"page","link":"https:\/\/massdigital.ca\/en\/","title":{"rendered":"Home"},"content":{"rendered":"\t\t<div data-elementor-type=\"wp-page\" data-elementor-id=\"8\" class=\"elementor elementor-8\" data-elementor-post-type=\"page\">\n\t\t\t\t<div class=\"elementor-element elementor-element-f18b5df e-flex e-con-boxed e-con e-parent\" data-id=\"f18b5df\" data-element_type=\"container\" data-e-type=\"container\" data-settings=\"{&quot;background_background&quot;:&quot;classic&quot;}\">\n\t\t\t\t\t<div class=\"e-con-inner\">\n\t\t<div class=\"elementor-element elementor-element-5fdd868 e-con-full e-flex e-con e-child\" data-id=\"5fdd868\" data-element_type=\"container\" data-e-type=\"container\">\n\t\t\t\t<div class=\"elementor-element elementor-element-f9ab8ee elementor-widget__width-initial elementor-widget-mobile__width-initial elementor-widget elementor-widget-heading\" data-id=\"f9ab8ee\" data-element_type=\"widget\" data-e-type=\"widget\" data-widget_type=\"heading.default\">\n\t\t\t\t\t<h1 class=\"elementor-heading-title elementor-size-default\">Boostez Votre Visibilit\u00e9 avec Nos \u00c9crans LED Publicitaires<\/h1>\t\t\t\t<\/div>\n\t\t\t\t<div class=\"elementor-element elementor-element-241901c elementor-widget__width-initial elementor-widget-divider--view-line elementor-widget elementor-widget-divider\" data-id=\"241901c\" data-element_type=\"widget\" data-e-type=\"widget\" data-widget_type=\"divider.default\">\n\t\t\t\t\t\t\t<div class=\"elementor-divider\">\n\t\t\t<span class=\"elementor-divider-separator\">\n\t\t\t\t\t\t<\/span>\n\t\t<\/div>\n\t\t\t\t\t\t<\/div>\n\t\t\t\t<div class=\"elementor-element elementor-element-39b6a15 elementor-widget__width-initial elementor-widget elementor-widget-text-editor\" data-id=\"39b6a15\" data-element_type=\"widget\" data-e-type=\"widget\" data-widget_type=\"text-editor.default\">\n\t\t\t\t\t\t\t\t\t<p>Que vous soyez une petite boutique locale cherchant \u00e0 attirer plus de clients ou une grande entreprise souhaitant moderniser votre communication, Mass Digital vous propose des solutions d&rsquo;affichage dynamique sur mesure. Nos \u00e9crans LED publicitaires offrent une visibilit\u00e9 maximale pour captiver votre audience et maximiser votre impact marketing.<\/p>\t\t\t\t\t\t\t\t<\/div>\n\t\t\t\t<div class=\"elementor-element elementor-element-f745964 elementor-align-left elementor-widget__width-initial elementor-mobile-align-center elementor-widget elementor-widget-button\" data-id=\"f745964\" data-element_type=\"widget\" data-e-type=\"widget\" data-widget_type=\"button.default\">\n\t\t\t\t\t\t\t\t\t\t<a class=\"elementor-button elementor-button-link elementor-size-md\" href=\"https:\/\/massdigital.ca\/contact\/\">\n\t\t\t\t\t\t<span class=\"elementor-button-content-wrapper\">\n\t\t\t\t\t\t<span class=\"elementor-button-icon\">\n\t\t\t\t<svg aria-hidden=\"true\" class=\"e-font-icon-svg e-fas-arrow-right\" viewBox=\"0 0 448 512\" xmlns=\"http:\/\/www.w3.org\/2000\/svg\"><path d=\"M190.5 66.9l22.2-22.2c9.4-9.4 24.6-9.4 33.9 0L441 239c9.4 9.4 9.4 24.6 0 33.9L246.6 467.3c-9.4 9.4-24.6 9.4-33.9 0l-22.2-22.2c-9.5-9.5-9.3-25 .4-34.3L311.4 296H24c-13.3 0-24-10.7-24-24v-32c0-13.3 10.7-24 24-24h287.4L190.9 101.2c-9.8-9.3-10-24.8-.4-34.3z\"><\/path><\/svg>\t\t\t<\/span>\n\t\t\t\t\t\t\t\t\t<span class=\"elementor-button-text\">CONTACTEZ NOUS<\/span>\n\t\t\t\t\t<\/span>\n\t\t\t\t\t<\/a>\n\t\t\t\t\t\t\t\t<\/div>\n\t\t\t\t<\/div>\n\t\t\t\t\t<\/div>\n\t\t\t\t<\/div>\n\t\t<div class=\"elementor-element elementor-element-f59329d e-flex e-con-boxed e-con e-parent\" data-id=\"f59329d\" data-element_type=\"container\" data-e-type=\"container\">\n\t\t\t\t\t<div class=\"e-con-inner\">\n\t\t\t\t<div class=\"elementor-element elementor-element-f091b03 elementor-widget elementor-widget-text-editor\" data-id=\"f091b03\" data-element_type=\"widget\" data-e-type=\"widget\" data-widget_type=\"text-editor.default\">\n\t\t\t\t\t\t\t\t\t<h2><strong>Pourquoi choisir nos solutions d\u2019affichage LED ?<\/strong><\/h2>\n<ul class=\"custom-check-list\">\n \t<li><strong>Attirez plus de clients<\/strong> avec une communication visuelle percutante.<\/li>\n \t<li><strong>Affichage dynamique<\/strong> pour promouvoir vos offres et services en temps r\u00e9el.<\/li>\n \t<li><strong>\u00c9crans haute luminosit\u00e9<\/strong>, visibles de jour comme de nuit, m\u00eame en ext\u00e9rieur.<\/li>\n \t<li><strong>Solutions adapt\u00e9es \u00e0 tous les secteurs<\/strong> : commerces, restaurants, centres commerciaux, franchises, etc.<\/li>\n \t<li><strong>Installation cl\u00e9 en main<\/strong> et <strong>accompagnement personnalis\u00e9<\/strong> pour r\u00e9pondre \u00e0 vos besoins.<\/li>\n<\/ul>\n<h2><strong>Des \u00e9crans LED pour tous les types d\u2019entreprises<\/strong><\/h2>\n<ul>\n \t<li><strong>Boutiques et commerces de proximit\u00e9<\/strong> : mettez en avant vos promotions, nouveaux produits et services avec un affichage attractif en vitrine.<\/li>\n \t<li><strong>Franchises et cha\u00eenes de magasins<\/strong> : harmonisez votre communication digitale et captez l\u2019attention \u00e0 grande \u00e9chelle.<\/li>\n \t<li><strong>Centres commerciaux et grandes enseignes<\/strong> : optimisez l\u2019exp\u00e9rience client avec des \u00e9crans informatifs et interactifs.<\/li>\n \t<li><strong>Entreprises et bureaux<\/strong> : modernisez votre signal\u00e9tique interne avec un affichage num\u00e9rique dynamique.<\/li>\n<\/ul>\n<h2><strong>Passez au Digital avec Mass Digital !<\/strong><\/h2>\n\ud83d\udca1 <strong>Transformez votre communication et d\u00e9marquez-vous avec un affichage LED impactant.<\/strong> <a href=\"https:\/\/massdigital.ca\/contact\/\">Contactez-nous<\/a> d\u00e8s aujourd\u2019hui pour d\u00e9couvrir nos solutions adapt\u00e9es \u00e0 votre activit\u00e9.\t\t\t\t\t\t\t\t<\/div>\n\t\t\t\t<div class=\"elementor-element elementor-element-88f5bc2 elementor-widget elementor-widget-image\" data-id=\"88f5bc2\" data-element_type=\"widget\" data-e-type=\"widget\" data-widget_type=\"image.default\">\n\t\t\t\t\t\t\t\t\t\t\t\t\t\t\t<img fetchpriority=\"high\" decoding=\"async\" width=\"1600\" height=\"515\" src=\"https:\/\/massdigital.ca\/wp-content\/uploads\/2024\/02\/Mass-Digital-LED-Screen-Solutions.webp\" class=\"attachment-full size-full wp-image-262\" alt=\"\u00c9crans LED publicitaires dans un magasin de d\u00e9tail, affichant des messages accrocheurs avec une pr\u00e9sentation moderne des produits dans un environnement lumineux et dynamique.\" srcset=\"https:\/\/massdigital.ca\/wp-content\/uploads\/2024\/02\/Mass-Digital-LED-Screen-Solutions.webp 1600w, https:\/\/massdigital.ca\/wp-content\/uploads\/2024\/02\/Mass-Digital-LED-Screen-Solutions-300x97.webp 300w, https:\/\/massdigital.ca\/wp-content\/uploads\/2024\/02\/Mass-Digital-LED-Screen-Solutions-1024x330.webp 1024w, https:\/\/massdigital.ca\/wp-content\/uploads\/2024\/02\/Mass-Digital-LED-Screen-Solutions-768x247.webp 768w, https:\/\/massdigital.ca\/wp-content\/uploads\/2024\/02\/Mass-Digital-LED-Screen-Solutions-1536x494.webp 1536w\" sizes=\"(max-width: 1600px) 100vw, 1600px\" \/>\t\t\t\t\t\t\t\t\t\t\t\t\t\t\t<\/div>\n\t\t\t\t<div class=\"elementor-element elementor-element-20f5ac7 elementor-grid-1 elementor-grid-tablet-2 elementor-grid-mobile-1 elementor-widget elementor-widget-loop-grid\" data-id=\"20f5ac7\" data-element_type=\"widget\" data-e-type=\"widget\" data-settings=\"{&quot;template_id&quot;:&quot;1216&quot;,&quot;columns&quot;:1,&quot;_skin&quot;:&quot;post&quot;,&quot;columns_tablet&quot;:&quot;2&quot;,&quot;columns_mobile&quot;:&quot;1&quot;,&quot;edit_handle_selector&quot;:&quot;[data-elementor-type=\\&quot;loop-item\\&quot;]&quot;,&quot;row_gap&quot;:{&quot;unit&quot;:&quot;px&quot;,&quot;size&quot;:&quot;&quot;,&quot;sizes&quot;:[]},&quot;row_gap_tablet&quot;:{&quot;unit&quot;:&quot;px&quot;,&quot;size&quot;:&quot;&quot;,&quot;sizes&quot;:[]},&quot;row_gap_mobile&quot;:{&quot;unit&quot;:&quot;px&quot;,&quot;size&quot;:&quot;&quot;,&quot;sizes&quot;:[]}}\" data-widget_type=\"loop-grid.post\">\n\t\t\t\t\t\t\t<div class=\"elementor-loop-container elementor-grid\">\n\t\t<style id=\"loop-1216\">.elementor-1216 .elementor-element.elementor-element-9b8b116{--display:flex;--flex-direction:column;--container-widget-width:100%;--container-widget-height:initial;--container-widget-flex-grow:0;--container-widget-align-self:initial;--flex-wrap-mobile:wrap;}.elementor-1216 .elementor-element.elementor-element-a742943{--display:flex;--flex-direction:row;--container-widget-width:initial;--container-widget-height:100%;--container-widget-flex-grow:1;--container-widget-align-self:stretch;--flex-wrap-mobile:wrap;--margin-top:0px;--margin-bottom:-20px;--margin-left:0px;--margin-right:0px;}.elementor-widget-heading .elementor-heading-title{color:var( --e-global-color-primary );}.elementor-1216 .elementor-element.elementor-element-4f99c36 .elementor-heading-title{font-size:clamp(1.8rem, 1.7077rem + 0.4103vw, 2rem);font-weight:500;line-height:1.4em;}.elementor-1216 .elementor-element.elementor-element-4f99c36.elementor-element{--align-self:center;}.elementor-1216 .elementor-element.elementor-element-1039d33 .elementor-heading-title{font-size:clamp(1.6rem, 1.5308rem + 0.3077vw, 1.75rem);}.elementor-1216 .elementor-element.elementor-element-1039d33.elementor-element{--align-self:center;}.elementor-widget-text-editor{font-family:var( --e-global-typography-text-font-family );font-size:var( --e-global-typography-text-font-size );font-weight:var( --e-global-typography-text-font-weight );color:var( --e-global-color-text );}.elementor-widget-text-editor.elementor-drop-cap-view-stacked .elementor-drop-cap{background-color:var( --e-global-color-primary );}.elementor-widget-text-editor.elementor-drop-cap-view-framed .elementor-drop-cap, .elementor-widget-text-editor.elementor-drop-cap-view-default .elementor-drop-cap{color:var( --e-global-color-primary );border-color:var( --e-global-color-primary );}.elementor-1216 .elementor-element.elementor-element-8aa9556{margin:0px 0px calc(var(--kit-widget-spacing, 0px) + 0px) 0px;}@media(max-width:1024px){.elementor-1216 .elementor-element.elementor-element-a742943{--flex-direction:column;--container-widget-width:100%;--container-widget-height:initial;--container-widget-flex-grow:0;--container-widget-align-self:initial;--flex-wrap-mobile:wrap;}.elementor-1216 .elementor-element.elementor-element-4f99c36{width:100%;max-width:100%;}.elementor-1216 .elementor-element.elementor-element-4f99c36.elementor-element{--align-self:center;}.elementor-1216 .elementor-element.elementor-element-1039d33{width:100%;max-width:100%;}.elementor-widget-text-editor{font-size:var( --e-global-typography-text-font-size );}}@media(max-width:767px){.elementor-widget-text-editor{font-size:var( --e-global-typography-text-font-size );}}<\/style>\t\t<div data-elementor-type=\"loop-item\" data-elementor-id=\"1216\" class=\"elementor elementor-1216 e-loop-item e-loop-item-226 post-226 produit type-produit status-publish has-post-thumbnail hentry\" data-elementor-post-type=\"elementor_library\" data-custom-edit-handle=\"1\">\n\t\t\t<div class=\"elementor-element elementor-element-9b8b116 e-flex e-con-boxed e-con e-parent\" data-id=\"9b8b116\" data-element_type=\"container\" data-e-type=\"container\">\n\t\t\t\t\t<div class=\"e-con-inner\">\n\t\t<div class=\"elementor-element elementor-element-a742943 e-con-full e-flex e-con e-child\" data-id=\"a742943\" data-element_type=\"container\" data-e-type=\"container\">\n\t\t\t\t<div class=\"elementor-element elementor-element-4f99c36 elementor-widget-tablet__width-inherit elementor-widget elementor-widget-heading\" data-id=\"4f99c36\" data-element_type=\"widget\" data-e-type=\"widget\" data-widget_type=\"heading.default\">\n\t\t\t\t\t<h4 class=\"elementor-heading-title elementor-size-default\"><a href=\"https:\/\/massdigital.ca\/en\/produit\/ecran-autoportante-ledup\/\">LEDUP<\/a><\/h4>\t\t\t\t<\/div>\n\t\t\t\t<div class=\"elementor-element elementor-element-1039d33 elementor-widget-tablet__width-inherit elementor-widget elementor-widget-heading\" data-id=\"1039d33\" data-element_type=\"widget\" data-e-type=\"widget\" data-widget_type=\"heading.default\">\n\t\t\t\t\t<h5 class=\"elementor-heading-title elementor-size-default\">Solution d'Affichage Num\u00e9rique Plug &amp; Play<\/h5>\t\t\t\t<\/div>\n\t\t\t\t<\/div>\n\t\t\t\t<div class=\"elementor-element elementor-element-8aa9556 elementor-widget elementor-widget-text-editor\" data-id=\"8aa9556\" data-element_type=\"widget\" data-e-type=\"widget\" data-widget_type=\"text-editor.default\">\n\t\t\t\t\t\t\t\t\tPour vos projets d&rsquo;affichage num\u00e9rique int\u00e9rieur, notre gamme LEDUP est la solution id\u00e9ale. Ces \u00e9crans publicitaires LED plug &amp; play offrent une flexibilit\u00e9 maximale, garantissant une visibilit\u00e9 optimale dans n\u2019importe quel environnement int\u00e9rieur. Offrant une solution \u00e9co\u00e9nerg\u00e9tique et pratique, LEDUP est parfait pour l\u2019affichage publicitaire num\u00e9rique dans des lieux comme des halls d&rsquo;accueil et des boutiques.\t\t\t\t\t\t\t\t<\/div>\n\t\t\t\t\t<\/div>\n\t\t\t\t<\/div>\n\t\t\t\t<\/div>\n\t\t\t\t<div data-elementor-type=\"loop-item\" data-elementor-id=\"1216\" class=\"elementor elementor-1216 e-loop-item e-loop-item-400 post-400 produit type-produit status-publish has-post-thumbnail hentry\" data-elementor-post-type=\"elementor_library\" data-custom-edit-handle=\"1\">\n\t\t\t<div class=\"elementor-element elementor-element-9b8b116 e-flex e-con-boxed e-con e-parent\" data-id=\"9b8b116\" data-element_type=\"container\" data-e-type=\"container\">\n\t\t\t\t\t<div class=\"e-con-inner\">\n\t\t<div class=\"elementor-element elementor-element-a742943 e-con-full e-flex e-con e-child\" data-id=\"a742943\" data-element_type=\"container\" data-e-type=\"container\">\n\t\t\t\t<div class=\"elementor-element elementor-element-4f99c36 elementor-widget-tablet__width-inherit elementor-widget elementor-widget-heading\" data-id=\"4f99c36\" data-element_type=\"widget\" data-e-type=\"widget\" data-widget_type=\"heading.default\">\n\t\t\t\t\t<h4 class=\"elementor-heading-title elementor-size-default\"><a href=\"https:\/\/massdigital.ca\/en\/produit\/ecran-flexible-led-freeform\/\">FREEFORM<\/a><\/h4>\t\t\t\t<\/div>\n\t\t\t\t<div class=\"elementor-element elementor-element-1039d33 elementor-widget-tablet__width-inherit elementor-widget elementor-widget-heading\" data-id=\"1039d33\" data-element_type=\"widget\" data-e-type=\"widget\" data-widget_type=\"heading.default\">\n\t\t\t\t\t<h5 class=\"elementor-heading-title elementor-size-default\">\u00c9crans LED Flexibles pour Affichage Cr\u00e9atif<\/h5>\t\t\t\t<\/div>\n\t\t\t\t<\/div>\n\t\t\t\t<div class=\"elementor-element elementor-element-8aa9556 elementor-widget elementor-widget-text-editor\" data-id=\"8aa9556\" data-element_type=\"widget\" data-e-type=\"widget\" data-widget_type=\"text-editor.default\">\n\t\t\t\t\t\t\t\t\tPour des projets plus audacieux, FreeForm offre une flexibilit\u00e9 in\u00e9dite. Ces \u00e9crans LED flexibles permettent de cr\u00e9er des installations visuelles impressionnantes, adapt\u00e9es aux besoins des environnements cr\u00e9atifs et des mus\u00e9es. FreeForm repousse les limites de l&rsquo;affichage num\u00e9rique publicitaire pour offrir des solutions uniques et cr\u00e9atives.\t\t\t\t\t\t\t\t<\/div>\n\t\t\t\t\t<\/div>\n\t\t\t\t<\/div>\n\t\t\t\t<\/div>\n\t\t\t\t<div data-elementor-type=\"loop-item\" data-elementor-id=\"1216\" class=\"elementor elementor-1216 e-loop-item e-loop-item-448 post-448 produit type-produit status-publish has-post-thumbnail hentry\" data-elementor-post-type=\"elementor_library\" data-custom-edit-handle=\"1\">\n\t\t\t<div class=\"elementor-element elementor-element-9b8b116 e-flex e-con-boxed e-con e-parent\" data-id=\"9b8b116\" data-element_type=\"container\" data-e-type=\"container\">\n\t\t\t\t\t<div class=\"e-con-inner\">\n\t\t<div class=\"elementor-element elementor-element-a742943 e-con-full e-flex e-con e-child\" data-id=\"a742943\" data-element_type=\"container\" data-e-type=\"container\">\n\t\t\t\t<div class=\"elementor-element elementor-element-4f99c36 elementor-widget-tablet__width-inherit elementor-widget elementor-widget-heading\" data-id=\"4f99c36\" data-element_type=\"widget\" data-e-type=\"widget\" data-widget_type=\"heading.default\">\n\t\t\t\t\t<h4 class=\"elementor-heading-title elementor-size-default\"><a href=\"https:\/\/massdigital.ca\/en\/produit\/ecran-publicitaire-led-gallery\/\">GALLERY<\/a><\/h4>\t\t\t\t<\/div>\n\t\t\t\t<div class=\"elementor-element elementor-element-1039d33 elementor-widget-tablet__width-inherit elementor-widget elementor-widget-heading\" data-id=\"1039d33\" data-element_type=\"widget\" data-e-type=\"widget\" data-widget_type=\"heading.default\">\n\t\t\t\t\t<h5 class=\"elementor-heading-title elementor-size-default\">\u00c9crans LED Publicitaires Haute D\u00e9finition<\/h5>\t\t\t\t<\/div>\n\t\t\t\t<\/div>\n\t\t\t\t<div class=\"elementor-element elementor-element-8aa9556 elementor-widget elementor-widget-text-editor\" data-id=\"8aa9556\" data-element_type=\"widget\" data-e-type=\"widget\" data-widget_type=\"text-editor.default\">\n\t\t\t\t\t\t\t\t\tImaginez votre produit mis en valeur par des \u00e9crans d&rsquo;affichage LED de la gamme GALLERY. Avec une luminosit\u00e9 exceptionnelle et une fiabilit\u00e9 sans faille, ces \u00e9crans publicitaires num\u00e9riques sont con\u00e7us pour offrir une qualit\u00e9 d\u2019image \u00e9poustouflante et capturer l\u2019attention de votre public, tout en renfor\u00e7ant l&rsquo;impact de votre communication visuelle.\t\t\t\t\t\t\t\t<\/div>\n\t\t\t\t\t<\/div>\n\t\t\t\t<\/div>\n\t\t\t\t<\/div>\n\t\t\t\t<div data-elementor-type=\"loop-item\" data-elementor-id=\"1216\" class=\"elementor elementor-1216 e-loop-item e-loop-item-485 post-485 produit type-produit status-publish has-post-thumbnail hentry\" data-elementor-post-type=\"elementor_library\" data-custom-edit-handle=\"1\">\n\t\t\t<div class=\"elementor-element elementor-element-9b8b116 e-flex e-con-boxed e-con e-parent\" data-id=\"9b8b116\" data-element_type=\"container\" data-e-type=\"container\">\n\t\t\t\t\t<div class=\"e-con-inner\">\n\t\t<div class=\"elementor-element elementor-element-a742943 e-con-full e-flex e-con e-child\" data-id=\"a742943\" data-element_type=\"container\" data-e-type=\"container\">\n\t\t\t\t<div class=\"elementor-element elementor-element-4f99c36 elementor-widget-tablet__width-inherit elementor-widget elementor-widget-heading\" data-id=\"4f99c36\" data-element_type=\"widget\" data-e-type=\"widget\" data-widget_type=\"heading.default\">\n\t\t\t\t\t<h4 class=\"elementor-heading-title elementor-size-default\"><a href=\"https:\/\/massdigital.ca\/en\/produit\/ecran-led-haute-definition-ultra\/\">ULTRA<\/a><\/h4>\t\t\t\t<\/div>\n\t\t\t\t<div class=\"elementor-element elementor-element-1039d33 elementor-widget-tablet__width-inherit elementor-widget elementor-widget-heading\" data-id=\"1039d33\" data-element_type=\"widget\" data-e-type=\"widget\" data-widget_type=\"heading.default\">\n\t\t\t\t\t<h5 class=\"elementor-heading-title elementor-size-default\">Affichage Num\u00e9rique Int\u00e9rieur Haute R\u00e9solution<\/h5>\t\t\t\t<\/div>\n\t\t\t\t<\/div>\n\t\t\t\t<div class=\"elementor-element elementor-element-8aa9556 elementor-widget elementor-widget-text-editor\" data-id=\"8aa9556\" data-element_type=\"widget\" data-e-type=\"widget\" data-widget_type=\"text-editor.default\">\n\t\t\t\t\t\t\t\t\tPour une exp\u00e9rience visuelle in\u00e9gal\u00e9e, nos \u00e9crans ULTRA sont la r\u00e9f\u00e9rence en affichage num\u00e9rique int\u00e9rieur. Offrant une pr\u00e9cision d&rsquo;image exceptionnelle, ces \u00e9crans LED cr\u00e9ent une immersion totale, capturant l\u2019attention de vos visiteurs dans des salles de conf\u00e9rence ou des showrooms.\t\t\t\t\t\t\t\t<\/div>\n\t\t\t\t\t<\/div>\n\t\t\t\t<\/div>\n\t\t\t\t<\/div>\n\t\t\t\t<div data-elementor-type=\"loop-item\" data-elementor-id=\"1216\" class=\"elementor elementor-1216 e-loop-item e-loop-item-585 post-585 produit type-produit status-publish has-post-thumbnail hentry\" data-elementor-post-type=\"elementor_library\" data-custom-edit-handle=\"1\">\n\t\t\t<div class=\"elementor-element elementor-element-9b8b116 e-flex e-con-boxed e-con e-parent\" data-id=\"9b8b116\" data-element_type=\"container\" data-e-type=\"container\">\n\t\t\t\t\t<div class=\"e-con-inner\">\n\t\t<div class=\"elementor-element elementor-element-a742943 e-con-full e-flex e-con e-child\" data-id=\"a742943\" data-element_type=\"container\" data-e-type=\"container\">\n\t\t\t\t<div class=\"elementor-element elementor-element-4f99c36 elementor-widget-tablet__width-inherit elementor-widget elementor-widget-heading\" data-id=\"4f99c36\" data-element_type=\"widget\" data-e-type=\"widget\" data-widget_type=\"heading.default\">\n\t\t\t\t\t<h4 class=\"elementor-heading-title elementor-size-default\"><a href=\"https:\/\/massdigital.ca\/en\/produit\/ecran-led-exterieur-pour-enseigne-cityline\/\">CITYLINE<\/a><\/h4>\t\t\t\t<\/div>\n\t\t\t\t<div class=\"elementor-element elementor-element-1039d33 elementor-widget-tablet__width-inherit elementor-widget elementor-widget-heading\" data-id=\"1039d33\" data-element_type=\"widget\" data-e-type=\"widget\" data-widget_type=\"heading.default\">\n\t\t\t\t\t<h5 class=\"elementor-heading-title elementor-size-default\">\u00c9crans Publicitaires LED Ext\u00e9rieurs<\/h5>\t\t\t\t<\/div>\n\t\t\t\t<\/div>\n\t\t\t\t<div class=\"elementor-element elementor-element-8aa9556 elementor-widget elementor-widget-text-editor\" data-id=\"8aa9556\" data-element_type=\"widget\" data-e-type=\"widget\" data-widget_type=\"text-editor.default\">\n\t\t\t\t\t\t\t\t\tD\u00e9couvrez Cityline Armor \u2013 l\u2019\u00e9cran LED ext\u00e9rieur haute performance con\u00e7u pour les enseignes num\u00e9riques. Parfait pour les environnements extr\u00eames, ce mod\u00e8le combine puissance, fiabilit\u00e9 et faible consommation d\u2019\u00e9nergie. Id\u00e9al pour les commerces, fa\u00e7ades et installations urbaines.\t\t\t\t\t\t\t\t<\/div>\n\t\t\t\t\t<\/div>\n\t\t\t\t<\/div>\n\t\t\t\t<\/div>\n\t\t\t\t<\/div>\n\t\t\n\t\t\t\t\t\t<\/div>\n\t\t\t\t\t<\/div>\n\t\t\t\t<\/div>\n\t\t\t\t<\/div>\n\t\t","protected":false},"excerpt":{"rendered":"<p>Boostez Votre Visibilit\u00e9 avec Nos \u00c9crans LED Publicitaires Que vous soyez une petite boutique locale cherchant \u00e0 attirer plus de clients ou une grande entreprise souhaitant moderniser votre communication, Mass Digital vous propose des solutions d&rsquo;affichage dynamique sur mesure. Nos \u00e9crans LED publicitaires offrent une visibilit\u00e9 maximale pour captiver votre audience et maximiser votre impact [&hellip;]<\/p>\n","protected":false},"author":1,"featured_media":0,"parent":0,"menu_order":0,"comment_status":"closed","ping_status":"closed","template":"","meta":{"_acf_changed":false,"footnotes":""},"class_list":["post-8","page","type-page","status-publish","hentry"],"acf":[],"_links":{"self":[{"href":"https:\/\/massdigital.ca\/en\/wp-json\/wp\/v2\/pages\/8","targetHints":{"allow":["GET"]}}],"collection":[{"href":"https:\/\/massdigital.ca\/en\/wp-json\/wp\/v2\/pages"}],"about":[{"href":"https:\/\/massdigital.ca\/en\/wp-json\/wp\/v2\/types\/page"}],"author":[{"embeddable":true,"href":"https:\/\/massdigital.ca\/en\/wp-json\/wp\/v2\/users\/1"}],"replies":[{"embeddable":true,"href":"https:\/\/massdigital.ca\/en\/wp-json\/wp\/v2\/comments?post=8"}],"version-history":[{"count":36,"href":"https:\/\/massdigital.ca\/en\/wp-json\/wp\/v2\/pages\/8\/revisions"}],"predecessor-version":[{"id":1755,"href":"https:\/\/massdigital.ca\/en\/wp-json\/wp\/v2\/pages\/8\/revisions\/1755"}],"wp:attachment":[{"href":"https:\/\/massdigital.ca\/en\/wp-json\/wp\/v2\/media?parent=8"}],"curies":[{"name":"wp","href":"https:\/\/api.w.org\/{rel}","templated":true}]}}